{"id":5224,"date":"2026-05-09T23:40:39","date_gmt":"2026-05-09T21:40:39","guid":{"rendered":"https:\/\/capmetissage.com\/index.php\/produit\/tote-bag-transparent\/"},"modified":"2026-05-10T03:49:06","modified_gmt":"2026-05-10T01:49:06","slug":"tote-bag-transparent","status":"publish","type":"product","link":"https:\/\/capmetissage.com\/index.php\/produit\/tote-bag-transparent\/","title":{"rendered":"Tote bag transparent"},"content":{"rendered":"<p>Transparent, chic et pr\u00eat pour le stade. Ce sac est fait pour le transport quotidien, des concerts aux journ\u00e9es \u00e0 la plage, avec un look \u00e9l\u00e9gant et transparent et une construction robuste.<\/p>\n<p>\u2022 TPU (mat\u00e9riau transparent semblable \u00e0 du caoutchouc)<br \/>\n\u2022 0,5\u00a0mm (0,02\u2033) d&rsquo;\u00e9paisseur<br \/>\n\u2022 Taille du sac\u00a0: 30,5\u00a0cm \u00d7 15,3\u00a0cm \u00d7 30,5\u00a0cm (12\u2033 \u00d7 6\u2033 \u00d7 12\u2033)<br \/>\n\u2022 Compartiment principal ouvert<br \/>\n\u2022 Produit vierge provenant de Chine<\/p>\n<p>Avertissement\u00a0: en raison de la transparence du mat\u00e9riau et du caract\u00e8re artisanal de fabrication de ce produit, des traces d&#8217;empreintes digitales peuvent appara\u00eetre \u00e0 la surface. Celles-ci n&rsquo;affectent pas sa qualit\u00e9 ou sa durabilit\u00e9.<\/p>\n<p>EU Warranty: 2\u00a0ans<\/p>\n<p>En conformit\u00e9 avec le R\u00e8glement pour la S\u00e9curit\u00e9 G\u00e9n\u00e9rale des Produits (RSGP), <b>Oak inc.<\/b> et <b>SINDEN VENTURES LIMITED<\/b>garantissent que tous les produits de consommation propos\u00e9s sont s\u00fbrs et conformes aux normes de l&rsquo;UE. Pour toutes questions ou pr\u00e9occupations concernant les mesures de s\u00e9curit\u00e9 des produits, veuillez contacter notre repr\u00e9sentant europ\u00e9en \u00e0 <b>gpsr@sindenventures.com<\/b>. Vous pouvez \u00e9galement nous \u00e9crire \u00e0 <b>123 Main Street, Anytown, Country<\/b> ou <b>Markou Evgenikou 11, Mesa Geitonia, 4002, Limassol, Cyprus.<b><\/b><\/b><\/p>\n","protected":false},"excerpt":{"rendered":"<p>Transparent, chic et pr\u00eat pour le stade. Ce sac est fait pour le transport quotidien, des concerts aux journ\u00e9es \u00e0 la plage, avec un look \u00e9l\u00e9gant et transparent et une construction robuste. \u2022 TPU (mat\u00e9riau transparent semblable \u00e0 du caoutchouc) \u2022 0,5\u00a0mm (0,02\u2033) d&rsquo;\u00e9paisseur \u2022 Taille du sac\u00a0: 30,5\u00a0cm \u00d7 15,3\u00a0cm \u00d7 30,5\u00a0cm (12\u2033 \u00d7[&hellip;]<\/p>\n","protected":false},"featured_media":5225,"template":"","meta":{"zakra_general_container_width":0,"zakra_general_content_width":0,"zakra_general_sidebar_width":0,"zakra_sticky_header":"customizer","zakra_header_main_area":true,"zakra_site_logo_width":0,"zakra_header_top_enabled":"customizer","zakra_header_top_style":"customizer","zakra_primary_menu_item_style":"customizer","zakra_page_header_text_color":"","zakra_page_header_layout":"customizer","zakra_page_title_bg":"","zakra_footer_widgets_bg_image":0,"zakra_page_title_bg_repeat":"customizer","zakra_page_title_bg_position":"customizer","zakra_page_title_bg_size":"customizer","zakra_page_title_bg_attachment":"customizer","zakra_breadcrumbs_enabled":"customizer","zakra_breadcrumbs_text_color":"","zakra_breadcrumbs_separator_color":"","zakra_breadcrumbs_link_color":"","zakra_breadcrumbs_link_hover_color":"","zakra_page_title_bg_image":0,"zakra_footer_widgets_enabled":"customizer","zakra_footer_column_layout_1_style":"customizer","zakra_footer_widgets_bg":"","zakra_footer_widgets_bg_repeat":"customizer","zakra_footer_widgets_bg_position":"customizer","zakra_footer_widgets_bg_size":"customizer","zakra_footer_widgets_bg_attachment":"customizer","zakra_footer_bar_enabled":"customizer","zakra_footer_bar_style":"customizer","zakra_page_container_layout":"customizer","zakra_page_sidebar_layout":"customizer","zakra_remove_content_margin":false,"zakra_sidebar":"customizer","zakra_transparent_header":"customizer","zakra_logo":0,"zakra_main_header_style":"default","zakra_menu_item_color":"","zakra_menu_item_hover_color":"","zakra_menu_item_active_color":"","zakra_menu_active_style":"","zakra_page_header":true},"product_brand":[],"product_cat":[17],"product_tag":[],"class_list":{"0":"post-5224","1":"product","2":"type-product","3":"status-publish","4":"has-post-thumbnail","6":"product_cat-clothes","7":"zakra-product--style-1","9":"first","10":"instock","11":"taxable","12":"shipping-taxable","13":"purchasable","14":"product-type-simple"},"aioseo_notices":[],"jetpack-related-posts":[],"jetpack_sharing_enabled":true,"_links":{"self":[{"href":"https:\/\/capmetissage.com\/index.php\/wp-json\/wp\/v2\/product\/5224","targetHints":{"allow":["GET"]}}],"collection":[{"href":"https:\/\/capmetissage.com\/index.php\/wp-json\/wp\/v2\/product"}],"about":[{"href":"https:\/\/capmetissage.com\/index.php\/wp-json\/wp\/v2\/types\/product"}],"wp:featuredmedia":[{"embeddable":true,"href":"https:\/\/capmetissage.com\/index.php\/wp-json\/wp\/v2\/media\/5225"}],"wp:attachment":[{"href":"https:\/\/capmetissage.com\/index.php\/wp-json\/wp\/v2\/media?parent=5224"}],"wp:term":[{"taxonomy":"product_brand","embeddable":true,"href":"https:\/\/capmetissage.com\/index.php\/wp-json\/wp\/v2\/product_brand?post=5224"},{"taxonomy":"product_cat","embeddable":true,"href":"https:\/\/capmetissage.com\/index.php\/wp-json\/wp\/v2\/product_cat?post=5224"},{"taxonomy":"product_tag","embeddable":true,"href":"https:\/\/capmetissage.com\/index.php\/wp-json\/wp\/v2\/product_tag?post=5224"}],"curies":[{"name":"wp","href":"https:\/\/api.w.org\/{rel}","templated":true}]}}