{"id":5215,"date":"2026-05-09T03:33:07","date_gmt":"2026-05-09T01:33:07","guid":{"rendered":"https:\/\/capmetissage.com\/index.php\/produit\/mug-mica-%c2%b7-voyage-avec-le-colibri\/"},"modified":"2026-05-10T03:50:33","modified_gmt":"2026-05-10T01:50:33","slug":"mug-mica-voyage-colibri","status":"publish","type":"product","link":"https:\/\/capmetissage.com\/index.php\/produit\/mug-mica-voyage-colibri\/","title":{"rendered":"Mug Mica \u00b7 Voyage avec le colibri"},"content":{"rendered":"<p>Une touche de couleur pour ton petit d\u00e9jeuner avec Mica, notre h\u00e9ro\u00efne m\u00e9tisse qui voyage avec toi.<\/p>\n<p>\u00c0 poser sur ta table chaque matin. \u00c0 offrir \u00e0 qui transmet la diversit\u00e9 sans en faire une le\u00e7on. \u00c0 garder comme un rappel quotidien : le monde est plus large que ton couloir d&rsquo;\u00e9cole, et plus beau.<\/p>\n<p>Caract\u00e9ristiques<br \/>\nC\u00e9ramique sans plomb, sans BPA<br \/>\n11 oz (33 cl) ou 15 oz (44 cl)<br \/>\nRebord, int\u00e9rieur et poign\u00e9e color\u00e9s<br \/>\nLave-vaisselle et micro-ondes OK<\/p>\n<p>\u00c9dit\u00e9 par CAP M\u00e9tissage. Comme le colibri, chacun fait sa part.<\/p>\n<p>EU Warranty: 2\u00a0ans<br \/>\nOther compliance information: R\u00e9pond aux exigences relatives aux teneurs en plomb et cadmium.<\/p>\n<p>En conformit\u00e9 avec le R\u00e8glement pour la S\u00e9curit\u00e9 G\u00e9n\u00e9rale des Produits (RSGP), <b>Oak inc.<\/b> et <b>SINDEN VENTURES LIMITED<\/b>garantissent que tous les produits de consommation propos\u00e9s sont s\u00fbrs et conformes aux normes de l&rsquo;UE. Pour toutes questions ou pr\u00e9occupations concernant les mesures de s\u00e9curit\u00e9 des produits, veuillez contacter notre repr\u00e9sentant europ\u00e9en \u00e0 <b>gpsr@sindenventures.com<\/b>. Vous pouvez \u00e9galement nous \u00e9crire \u00e0 <b>123 Main Street, Anytown, Country<\/b> ou <b>Markou Evgenikou 11, Mesa Geitonia, 4002, Limassol, Cyprus.<b><\/b><\/b><\/p>\n","protected":false},"excerpt":{"rendered":"<p>Une touche de couleur pour ton petit d\u00e9jeuner avec Mica, notre h\u00e9ro\u00efne m\u00e9tisse qui voyage avec toi. \u00c0 poser sur ta table chaque matin. \u00c0 offrir \u00e0 qui transmet la diversit\u00e9 sans en faire une le\u00e7on. \u00c0 garder comme un rappel quotidien : le monde est plus large que ton couloir d&rsquo;\u00e9cole, et plus beau.[&hellip;]<\/p>\n","protected":false},"featured_media":5218,"template":"","meta":{"zakra_general_container_width":0,"zakra_general_content_width":0,"zakra_general_sidebar_width":0,"zakra_sticky_header":"customizer","zakra_header_main_area":true,"zakra_site_logo_width":0,"zakra_header_top_enabled":"customizer","zakra_header_top_style":"customizer","zakra_primary_menu_item_style":"customizer","zakra_page_header_text_color":"","zakra_page_header_layout":"customizer","zakra_page_title_bg":"","zakra_footer_widgets_bg_image":0,"zakra_page_title_bg_repeat":"customizer","zakra_page_title_bg_position":"customizer","zakra_page_title_bg_size":"customizer","zakra_page_title_bg_attachment":"customizer","zakra_breadcrumbs_enabled":"customizer","zakra_breadcrumbs_text_color":"","zakra_breadcrumbs_separator_color":"","zakra_breadcrumbs_link_color":"","zakra_breadcrumbs_link_hover_color":"","zakra_page_title_bg_image":0,"zakra_footer_widgets_enabled":"customizer","zakra_footer_column_layout_1_style":"customizer","zakra_footer_widgets_bg":"","zakra_footer_widgets_bg_repeat":"customizer","zakra_footer_widgets_bg_position":"customizer","zakra_footer_widgets_bg_size":"customizer","zakra_footer_widgets_bg_attachment":"customizer","zakra_footer_bar_enabled":"customizer","zakra_footer_bar_style":"customizer","zakra_page_container_layout":"customizer","zakra_page_sidebar_layout":"customizer","zakra_remove_content_margin":false,"zakra_sidebar":"customizer","zakra_transparent_header":"customizer","zakra_logo":0,"zakra_main_header_style":"default","zakra_menu_item_color":"","zakra_menu_item_hover_color":"","zakra_menu_item_active_color":"","zakra_menu_active_style":"","zakra_page_header":true},"product_brand":[],"product_cat":[139],"product_tag":[],"class_list":{"0":"post-5215","1":"product","2":"type-product","3":"status-publish","4":"has-post-thumbnail","6":"product_cat-porter-2","7":"zakra-product--style-1","9":"first","10":"instock","11":"taxable","12":"shipping-taxable","13":"purchasable","14":"product-type-variable"},"aioseo_notices":[],"jetpack-related-posts":[],"jetpack_sharing_enabled":true,"_links":{"self":[{"href":"https:\/\/capmetissage.com\/index.php\/wp-json\/wp\/v2\/product\/5215","targetHints":{"allow":["GET"]}}],"collection":[{"href":"https:\/\/capmetissage.com\/index.php\/wp-json\/wp\/v2\/product"}],"about":[{"href":"https:\/\/capmetissage.com\/index.php\/wp-json\/wp\/v2\/types\/product"}],"wp:featuredmedia":[{"embeddable":true,"href":"https:\/\/capmetissage.com\/index.php\/wp-json\/wp\/v2\/media\/5218"}],"wp:attachment":[{"href":"https:\/\/capmetissage.com\/index.php\/wp-json\/wp\/v2\/media?parent=5215"}],"wp:term":[{"taxonomy":"product_brand","embeddable":true,"href":"https:\/\/capmetissage.com\/index.php\/wp-json\/wp\/v2\/product_brand?post=5215"},{"taxonomy":"product_cat","embeddable":true,"href":"https:\/\/capmetissage.com\/index.php\/wp-json\/wp\/v2\/product_cat?post=5215"},{"taxonomy":"product_tag","embeddable":true,"href":"https:\/\/capmetissage.com\/index.php\/wp-json\/wp\/v2\/product_tag?post=5215"}],"curies":[{"name":"wp","href":"https:\/\/api.w.org\/{rel}","templated":true}]}}