{"id":4162,"date":"2024-04-14T11:45:16","date_gmt":"2024-04-14T09:45:16","guid":{"rendered":"https:\/\/capmetissage.com\/?page_id=4162"},"modified":"2025-12-01T14:23:02","modified_gmt":"2025-12-01T12:23:02","slug":"decouvrez-nos-evenements","status":"publish","type":"page","link":"https:\/\/capmetissage.com\/index.php\/decouvrez-nos-evenements\/","title":{"rendered":"D\u00e9couvrez nos \u00e9v\u00e8nements"},"content":{"rendered":"\t\t<div data-elementor-type=\"wp-page\" data-elementor-id=\"4162\" class=\"elementor elementor-4162\">\n\t\t\t\t<div class=\"elementor-element elementor-element-4a9dbb7 e-flex e-con-boxed e-con e-parent\" data-id=\"4a9dbb7\" data-element_type=\"container\" data-e-type=\"container\">\n\t\t\t\t\t<div class=\"e-con-inner\">\n\t\t\t\t<div class=\"elementor-element elementor-element-c4ba641 elementor-widget elementor-widget-heading\" data-id=\"c4ba641\" data-element_type=\"widget\" data-e-type=\"widget\" data-widget_type=\"heading.default\">\n\t\t\t\t\t<h2 class=\"elementor-heading-title elementor-size-default\">Rejoignez-nous aux M\u00e9tis Talk<\/h2>\t\t\t\t<\/div>\n\t\t\t\t\t<\/div>\n\t\t\t\t<\/div>\n\t\t<div class=\"elementor-element elementor-element-42da58a e-flex e-con-boxed e-con e-parent\" data-id=\"42da58a\" data-element_type=\"container\" data-e-type=\"container\">\n\t\t\t\t\t<div class=\"e-con-inner\">\n\t\t\t\t<div class=\"elementor-element elementor-element-358fb41 elementor-widget elementor-widget-text-editor\" data-id=\"358fb41\" data-element_type=\"widget\" data-e-type=\"widget\" data-widget_type=\"text-editor.default\">\n\t\t\t\t\t\t\t\t\t<p>Les M\u00e9tis Talk sont des lieux d&rsquo;\u00e9changes, des \u00e9v\u00e9nements incontournables pour ceux qui souhaitent plonger au c\u0153ur des r\u00e9cits m\u00e9tiss\u00e9s. Con\u00e7u comme un espace d&rsquo;\u00e9change et de partage, ce groupe de parole r\u00e9unit des personnes de divers horizons pour explorer et c\u00e9l\u00e9brer ensemble la richesse de leur h\u00e9ritage m\u00e9tiss\u00e9.<\/p><p>Venez d\u00e9couvrir des histoires inspirantes et partager les v\u00f4tres dans une ambiance conviviale et accueillante. Le M\u00e9tis Talk est une occasion unique de tisser des liens significatifs et d&rsquo;enrichir votre compr\u00e9hension de ce que signifie \u00eatre m\u00e9tis aujourd&rsquo;hui. Anim\u00e9 par des passionn\u00e9s et des experts en diversit\u00e9 culturelle, cet \u00e9v\u00e9nement est une fen\u00eatre ouverte sur des exp\u00e9riences enrichissantes et des perspectives nouvelles.<\/p><p>Ne ratez pas cette chance de vous connecter, de vous exprimer et de vous \u00e9panouir au sein d&rsquo;une communaut\u00e9 qui valorise chaque nuance de son identit\u00e9 m\u00e9tisse. <br \/>Rejoignez-nous au M\u00e9tis Talk : \u00e9largissez votre horizon, inspirez et soyez inspir\u00e9 !<\/p><p>\u00a0<\/p><p>\u00a0<\/p>\t\t\t\t\t\t\t\t<\/div>\n\t\t\t\t\t<\/div>\n\t\t\t\t<\/div>\n\t\t<div class=\"elementor-element elementor-element-1fa777c1 e-con-full e-flex e-con e-parent\" data-id=\"1fa777c1\" data-element_type=\"container\" data-e-type=\"container\">\n\t\t<div class=\"elementor-element elementor-element-dd5e84c e-con-full e-flex e-con e-child\" data-id=\"dd5e84c\" data-element_type=\"container\" data-e-type=\"container\" data-settings=\"{&quot;background_background&quot;:&quot;classic&quot;}\">\n\t\t\t\t<div class=\"elementor-element elementor-element-70be5d26 elementor-widget-tablet__width-inherit elementor-widget-mobile__width-inherit elementor-widget elementor-widget-image-box\" data-id=\"70be5d26\" data-element_type=\"widget\" data-e-type=\"widget\" data-widget_type=\"image-box.default\">\n\t\t\t\t\t<div class=\"elementor-image-box-wrapper\"><div class=\"elementor-image-box-content\"><h3 class=\"elementor-image-box-title\">Participez au M\u00e9tis Talk du 26 avril<\/h3><p class=\"elementor-image-box-description\">Attention le nombre de places est limit\u00e9, inscrivez vous rapidement !\n\n<\/p><\/div><\/div>\t\t\t\t<\/div>\n\t\t<div class=\"elementor-element elementor-element-2ddaa30 e-con-full e-flex e-con e-child\" data-id=\"2ddaa30\" data-element_type=\"container\" data-e-type=\"container\">\n\t\t\t\t<div class=\"elementor-element elementor-element-53c41a80 elementor-widget-tablet__width-initial elementor-widget-mobile__width-inherit elementor-widget elementor-widget-heading\" data-id=\"53c41a80\" data-element_type=\"widget\" data-e-type=\"widget\" data-widget_type=\"heading.default\">\n\t\t\t\t\t<h3 class=\"elementor-heading-title elementor-size-default\">Ev\u00e8nement convivial et gratuit<\/h3>\t\t\t\t<\/div>\n\t\t\t\t<div class=\"elementor-element elementor-element-cf06dca elementor-widget-tablet__width-initial elementor-widget-mobile__width-inherit elementor-widget elementor-widget-heading\" data-id=\"cf06dca\" data-element_type=\"widget\" data-e-type=\"widget\" data-widget_type=\"heading.default\">\n\t\t\t\t\t<h3 class=\"elementor-heading-title elementor-size-default\">Pour plus d'information, contactez-nous<\/h3>\t\t\t\t<\/div>\n\t\t\t\t<div class=\"elementor-element elementor-element-52a93f9 elementor-icon-list--layout-traditional elementor-list-item-link-full_width elementor-widget elementor-widget-icon-list\" data-id=\"52a93f9\" data-element_type=\"widget\" data-e-type=\"widget\" data-widget_type=\"icon-list.default\">\n\t\t\t\t\t\t\t<ul class=\"elementor-icon-list-items\">\n\t\t\t\t\t\t\t<li class=\"elementor-icon-list-item\">\n\t\t\t\t\t\t\t\t\t\t<span class=\"elementor-icon-list-text\">lionel@capmetissage.com<\/span>\n\t\t\t\t\t\t\t\t\t<\/li>\n\t\t\t\t\t\t<\/ul>\n\t\t\t\t\t\t<\/div>\n\t\t\t\t<\/div>\n\t\t<div class=\"elementor-element elementor-element-25bb580f e-con-full e-flex e-con e-child\" data-id=\"25bb580f\" data-element_type=\"container\" data-e-type=\"container\">\n\t\t\t\t<div class=\"elementor-element elementor-element-54825b85 elementor-widget-tablet__width-initial elementor-widget-mobile__width-inherit elementor-widget elementor-widget-heading\" data-id=\"54825b85\" data-element_type=\"widget\" data-e-type=\"widget\" data-widget_type=\"heading.default\">\n\t\t\t\t\t<h3 class=\"elementor-heading-title elementor-size-default\">Adresse<\/h3>\t\t\t\t<\/div>\n\t\t\t\t<div class=\"elementor-element elementor-element-2cdefd2a elementor-icon-list--layout-traditional elementor-list-item-link-full_width elementor-widget elementor-widget-icon-list\" data-id=\"2cdefd2a\" data-element_type=\"widget\" data-e-type=\"widget\" data-widget_type=\"icon-list.default\">\n\t\t\t\t\t\t\t<ul class=\"elementor-icon-list-items\">\n\t\t\t\t\t\t\t<li class=\"elementor-icon-list-item\">\n\t\t\t\t\t\t\t\t\t\t<span class=\"elementor-icon-list-text\">Paris - 24 rue Coriolis Paris 12 (m\u00e9tro Dugommier ou Daumesnil)<\/span>\n\t\t\t\t\t\t\t\t\t<\/li>\n\t\t\t\t\t\t<\/ul>\n\t\t\t\t\t\t<\/div>\n\t\t\t\t<\/div>\n\t\t<div class=\"elementor-element elementor-element-55682a94 e-con-full e-flex e-con e-child\" data-id=\"55682a94\" data-element_type=\"container\" data-e-type=\"container\">\n\t\t\t\t<div class=\"elementor-element elementor-element-d20da3b elementor-widget-tablet__width-initial elementor-widget-mobile__width-inherit elementor-widget elementor-widget-heading\" data-id=\"d20da3b\" data-element_type=\"widget\" data-e-type=\"widget\" data-widget_type=\"heading.default\">\n\t\t\t\t\t<h3 class=\"elementor-heading-title elementor-size-default\">Horaire<\/h3>\t\t\t\t<\/div>\n\t\t\t\t<div class=\"elementor-element elementor-element-3125becd elementor-icon-list--layout-traditional elementor-list-item-link-full_width elementor-widget elementor-widget-icon-list\" data-id=\"3125becd\" data-element_type=\"widget\" data-e-type=\"widget\" data-widget_type=\"icon-list.default\">\n\t\t\t\t\t\t\t<ul class=\"elementor-icon-list-items\">\n\t\t\t\t\t\t\t<li class=\"elementor-icon-list-item\">\n\t\t\t\t\t\t\t\t\t\t<span class=\"elementor-icon-list-text\">De 19h \u00e0 22h<\/span>\n\t\t\t\t\t\t\t\t\t<\/li>\n\t\t\t\t\t\t<\/ul>\n\t\t\t\t\t\t<\/div>\n\t\t\t\t<\/div>\n\t\t\t\t<\/div>\n\t\t<div class=\"elementor-element elementor-element-15372c79 e-con-full e-flex e-con e-child\" data-id=\"15372c79\" data-element_type=\"container\" data-e-type=\"container\" data-settings=\"{&quot;background_background&quot;:&quot;classic&quot;}\">\n\t\t\t\t<div class=\"elementor-element elementor-element-1a9f370f elementor-widget-tablet__width-inherit elementor-widget elementor-widget-form\" data-id=\"1a9f370f\" data-element_type=\"widget\" data-e-type=\"widget\" data-widget_type=\"form.default\">\n\t\t\t\t<div class=\"elementor-widget-container\">\n\t\t\t\t\t \t\t\t\t<\/div>\n\t\t\t\t<\/div>\n\t\t\t\t<\/div>\n\t\t\t\t<\/div>\n\t\t<div class=\"elementor-element elementor-element-44c322e e-flex e-con-boxed e-con e-parent\" data-id=\"44c322e\" data-element_type=\"container\" data-e-type=\"container\">\n\t\t\t\t\t<div class=\"e-con-inner\">\n\t\t\t\t<div class=\"elementor-element elementor-element-b7d1bac elementor-widget elementor-widget-spacer\" data-id=\"b7d1bac\" data-element_type=\"widget\" data-e-type=\"widget\" data-widget_type=\"spacer.default\">\n\t\t\t\t\t\t\t<div class=\"elementor-spacer\">\n\t\t\t<div class=\"elementor-spacer-inner\"><\/div>\n\t\t<\/div>\n\t\t\t\t\t\t<\/div>\n\t\t\t\t\t<\/div>\n\t\t\t\t<\/div>\n\t\t<div class=\"elementor-element elementor-element-5889a1f7 e-flex e-con-boxed e-con e-parent\" data-id=\"5889a1f7\" data-element_type=\"container\" data-e-type=\"container\" data-settings=\"{&quot;background_background&quot;:&quot;classic&quot;}\">\n\t\t\t\t\t<div class=\"e-con-inner\">\n\t\t<div class=\"elementor-element elementor-element-14368a1c e-con-full e-flex e-con e-child\" data-id=\"14368a1c\" data-element_type=\"container\" data-e-type=\"container\">\n\t\t\t\t<div class=\"elementor-element elementor-element-27309b82 elementor-widget-tablet__width-inherit elementor-widget-mobile__width-inherit elementor-widget elementor-widget-image-box\" data-id=\"27309b82\" data-element_type=\"widget\" data-e-type=\"widget\" data-widget_type=\"image-box.default\">\n\t\t\t\t\t<div class=\"elementor-image-box-wrapper\"><div class=\"elementor-image-box-content\"><h3 class=\"elementor-image-box-title\">Rejoignez notre communaut\u00e9 d'\u00e9change de parents<\/h3><p class=\"elementor-image-box-description\">Vous souhaitez \u00e9changer avec d'autres parents qui ont des enfants m\u00e9tis, c'est par ici.<\/p><\/div><\/div>\t\t\t\t<\/div>\n\t\t<div class=\"elementor-element elementor-element-737a3331 e-con-full e-flex e-con e-child\" data-id=\"737a3331\" data-element_type=\"container\" data-e-type=\"container\">\n\t\t\t\t<div class=\"elementor-element elementor-element-37c1f66f elementor-widget-tablet__width-initial elementor-widget-mobile__width-inherit elementor-widget elementor-widget-heading\" data-id=\"37c1f66f\" data-element_type=\"widget\" data-e-type=\"widget\" data-widget_type=\"heading.default\">\n\t\t\t\t\t<h3 class=\"elementor-heading-title elementor-size-default\">Nous contacter<\/h3>\t\t\t\t<\/div>\n\t\t\t\t<div class=\"elementor-element elementor-element-38031213 elementor-icon-list--layout-traditional elementor-list-item-link-full_width elementor-widget elementor-widget-icon-list\" data-id=\"38031213\" data-element_type=\"widget\" data-e-type=\"widget\" data-widget_type=\"icon-list.default\">\n\t\t\t\t\t\t\t<ul class=\"elementor-icon-list-items\">\n\t\t\t\t\t\t\t<li class=\"elementor-icon-list-item\">\n\t\t\t\t\t\t\t\t\t\t<span class=\"elementor-icon-list-text\">tania@capmetissage.com<\/span>\n\t\t\t\t\t\t\t\t\t<\/li>\n\t\t\t\t\t\t<\/ul>\n\t\t\t\t\t\t<\/div>\n\t\t\t\t<\/div>\n\t\t<div class=\"elementor-element elementor-element-3f496d0b e-con-full e-flex e-con e-child\" data-id=\"3f496d0b\" data-element_type=\"container\" data-e-type=\"container\">\n\t\t\t\t<div class=\"elementor-element elementor-element-599411c8 elementor-widget-tablet__width-initial elementor-widget-mobile__width-inherit elementor-widget elementor-widget-heading\" data-id=\"599411c8\" data-element_type=\"widget\" data-e-type=\"widget\" data-widget_type=\"heading.default\">\n\t\t\t\t\t<h3 class=\"elementor-heading-title elementor-size-default\">Prochain \u00e9v\u00e8nement<\/h3>\t\t\t\t<\/div>\n\t\t\t\t<div class=\"elementor-element elementor-element-2316f32e elementor-icon-list--layout-traditional elementor-list-item-link-full_width elementor-widget elementor-widget-icon-list\" data-id=\"2316f32e\" data-element_type=\"widget\" data-e-type=\"widget\" data-widget_type=\"icon-list.default\">\n\t\t\t\t\t\t\t<ul class=\"elementor-icon-list-items\">\n\t\t\t\t\t\t\t<li class=\"elementor-icon-list-item\">\n\t\t\t\t\t\t\t\t\t\t<span class=\"elementor-icon-list-text\">Dimanche 28 avril 2024 en r\u00e9gion parisienne<\/span>\n\t\t\t\t\t\t\t\t\t<\/li>\n\t\t\t\t\t\t<\/ul>\n\t\t\t\t\t\t<\/div>\n\t\t\t\t<\/div>\n\t\t\t\t<\/div>\n\t\t\t\t<div class=\"elementor-element elementor-element-3e9bc928 elementor-widget elementor-widget-image\" data-id=\"3e9bc928\" data-element_type=\"widget\" data-e-type=\"widget\" data-widget_type=\"image.default\">\n\t\t\t\t\t\t\t\t\t\t\t\t\t\t\t<img fetchpriority=\"high\" decoding=\"async\" width=\"300\" height=\"300\" src=\"https:\/\/i0.wp.com\/capmetissage.com\/wp-content\/uploads\/2021\/12\/Copie-de-parentalite-metissage.webp?fit=300%2C300&amp;ssl=1\" class=\"attachment-medium size-medium wp-image-2707\" alt=\"cap m\u00e9tissage parents\" srcset=\"https:\/\/i0.wp.com\/capmetissage.com\/wp-content\/uploads\/2021\/12\/Copie-de-parentalite-metissage.webp?w=1024&amp;ssl=1 1024w, https:\/\/i0.wp.com\/capmetissage.com\/wp-content\/uploads\/2021\/12\/Copie-de-parentalite-metissage.webp?resize=300%2C300&amp;ssl=1 300w, https:\/\/i0.wp.com\/capmetissage.com\/wp-content\/uploads\/2021\/12\/Copie-de-parentalite-metissage.webp?resize=150%2C150&amp;ssl=1 150w, https:\/\/i0.wp.com\/capmetissage.com\/wp-content\/uploads\/2021\/12\/Copie-de-parentalite-metissage.webp?resize=768%2C768&amp;ssl=1 768w, https:\/\/i0.wp.com\/capmetissage.com\/wp-content\/uploads\/2021\/12\/Copie-de-parentalite-metissage.webp?resize=600%2C600&amp;ssl=1 600w\" sizes=\"(max-width: 300px) 100vw, 300px\" \/>\t\t\t\t\t\t\t\t\t\t\t\t\t\t\t<\/div>\n\t\t\t\t\t<\/div>\n\t\t\t\t<\/div>\n\t\t\t\t<\/div>\n\t\t","protected":false},"excerpt":{"rendered":"<p>Rejoignez-nous aux M\u00e9tis Talk Les M\u00e9tis Talk sont des lieux d&rsquo;\u00e9changes, des \u00e9v\u00e9nements incontournables pour ceux qui souhaitent plonger au c\u0153ur des r\u00e9cits m\u00e9tiss\u00e9s. Con\u00e7u comme un espace d&rsquo;\u00e9change et de partage, ce groupe de parole r\u00e9unit des personnes de divers horizons pour explorer et c\u00e9l\u00e9brer ensemble la richesse de leur h\u00e9ritage m\u00e9tiss\u00e9. Venez d\u00e9couvrir[&hellip;]<\/p>\n","protected":false},"author":1,"featured_media":0,"parent":0,"menu_order":0,"comment_status":"closed","ping_status":"closed","template":"","meta":{"zakra_general_container_width":0,"zakra_general_content_width":0,"zakra_general_sidebar_width":0,"zakra_sticky_header":"customizer","zakra_header_main_area":true,"zakra_site_logo_width":0,"zakra_header_top_enabled":"customizer","zakra_header_top_style":"customizer","zakra_primary_menu_item_style":"customizer","zakra_page_header_text_color":"","zakra_page_header_layout":"customizer","zakra_page_title_bg":"","zakra_footer_widgets_bg_image":0,"zakra_page_title_bg_repeat":"customizer","zakra_page_title_bg_position":"customizer","zakra_page_title_bg_size":"customizer","zakra_page_title_bg_attachment":"customizer","zakra_breadcrumbs_enabled":"customizer","zakra_breadcrumbs_text_color":"","zakra_breadcrumbs_separator_color":"","zakra_breadcrumbs_link_color":"","zakra_breadcrumbs_link_hover_color":"","zakra_page_title_bg_image":0,"zakra_footer_widgets_enabled":"customizer","zakra_footer_column_layout_1_style":"customizer","zakra_footer_widgets_bg":"","zakra_footer_widgets_bg_repeat":"customizer","zakra_footer_widgets_bg_position":"customizer","zakra_footer_widgets_bg_size":"customizer","zakra_footer_widgets_bg_attachment":"customizer","zakra_footer_bar_enabled":"customizer","zakra_footer_bar_style":"customizer","zakra_page_container_layout":"customizer","zakra_page_sidebar_layout":"customizer","zakra_remove_content_margin":false,"zakra_sidebar":"customizer","zakra_transparent_header":"customizer","zakra_logo":0,"zakra_main_header_style":"default","zakra_menu_item_color":"","zakra_menu_item_hover_color":"","zakra_menu_item_active_color":"","zakra_menu_active_style":"","zakra_page_header":true,"jetpack_post_was_ever_published":false,"footnotes":""},"class_list":["post-4162","page","type-page","status-publish","hentry"],"aioseo_notices":[],"jetpack-related-posts":[],"jetpack_sharing_enabled":true,"_links":{"self":[{"href":"https:\/\/capmetissage.com\/index.php\/wp-json\/wp\/v2\/pages\/4162","targetHints":{"allow":["GET"]}}],"collection":[{"href":"https:\/\/capmetissage.com\/index.php\/wp-json\/wp\/v2\/pages"}],"about":[{"href":"https:\/\/capmetissage.com\/index.php\/wp-json\/wp\/v2\/types\/page"}],"author":[{"embeddable":true,"href":"https:\/\/capmetissage.com\/index.php\/wp-json\/wp\/v2\/users\/1"}],"replies":[{"embeddable":true,"href":"https:\/\/capmetissage.com\/index.php\/wp-json\/wp\/v2\/comments?post=4162"}],"version-history":[{"count":63,"href":"https:\/\/capmetissage.com\/index.php\/wp-json\/wp\/v2\/pages\/4162\/revisions"}],"predecessor-version":[{"id":4830,"href":"https:\/\/capmetissage.com\/index.php\/wp-json\/wp\/v2\/pages\/4162\/revisions\/4830"}],"wp:attachment":[{"href":"https:\/\/capmetissage.com\/index.php\/wp-json\/wp\/v2\/media?parent=4162"}],"curies":[{"name":"wp","href":"https:\/\/api.w.org\/{rel}","templated":true}]}}